{"id":1912,"date":"2023-08-18T19:40:12","date_gmt":"2023-08-18T19:40:12","guid":{"rendered":"https:\/\/exxer.com\/laboratorios\/"},"modified":"2024-05-09T14:07:43","modified_gmt":"2024-05-09T14:07:43","slug":"laboratorios","status":"publish","type":"page","link":"https:\/\/exxer.com\/es\/laboratorios","title":{"rendered":"Laboratorios"},"content":{"rendered":"","protected":false},"excerpt":{"rendered":"","protected":false},"author":3,"featured_media":0,"parent":0,"menu_order":0,"comment_status":"closed","ping_status":"closed","template":"","meta":{"_seopress_robots_primary_cat":"","_seopress_titles_title":"Laboratorios de Soluciones Did\u00e1cticas","_seopress_titles_desc":"\u00a1Las mejores soluciones educativas para tu instituci\u00f3n las encuentras aqu\u00ed! Hay diversas opciones para proporcionar educaci\u00f3n pr\u00e1ctica de calidad.","_seopress_robots_index":"","footnotes":""},"class_list":["post-1912","page","type-page","status-publish","hentry"],"acf":[],"meta_box":[],"_links":{"self":[{"href":"https:\/\/exxer.com\/es\/wp-json\/wp\/v2\/pages\/1912","targetHints":{"allow":["GET"]}}],"collection":[{"href":"https:\/\/exxer.com\/es\/wp-json\/wp\/v2\/pages"}],"about":[{"href":"https:\/\/exxer.com\/es\/wp-json\/wp\/v2\/types\/page"}],"author":[{"embeddable":true,"href":"https:\/\/exxer.com\/es\/wp-json\/wp\/v2\/users\/3"}],"replies":[{"embeddable":true,"href":"https:\/\/exxer.com\/es\/wp-json\/wp\/v2\/comments?post=1912"}],"version-history":[{"count":5,"href":"https:\/\/exxer.com\/es\/wp-json\/wp\/v2\/pages\/1912\/revisions"}],"predecessor-version":[{"id":3343,"href":"https:\/\/exxer.com\/es\/wp-json\/wp\/v2\/pages\/1912\/revisions\/3343"}],"wp:attachment":[{"href":"https:\/\/exxer.com\/es\/wp-json\/wp\/v2\/media?parent=1912"}],"curies":[{"name":"wp","href":"https:\/\/api.w.org\/{rel}","templated":true}]}}